{"id":102,"date":"2023-02-18T23:48:24","date_gmt":"2023-02-18T22:48:24","guid":{"rendered":"https:\/\/manos-abiertas-belgique.be\/wp\/?page_id=102"},"modified":"2023-03-27T19:01:44","modified_gmt":"2023-03-27T18:01:44","slug":"fisiopenas","status":"publish","type":"page","link":"https:\/\/manos-abiertas-belgique.be\/wp\/fisiopenas\/","title":{"rendered":"FisioPe\u00f1as\u00a0"},"content":{"rendered":"\t\t<div data-elementor-type=\"wp-page\" data-elementor-id=\"102\" class=\"elementor elementor-102\">\n\t\t\t\t\t\t<section class=\"elementor-section elementor-top-section elementor-element elementor-element-b8654dd elementor-section-full_width elementor-section-height-default elementor-section-height-default exad-glass-effect-no exad-sticky-section-no\" data-id=\"b8654dd\" data-element_type=\"section\">\n\t\t\t\t\t\t<div class=\"elementor-container elementor-column-gap-default\">\n\t\t\t\t\t<div class=\"elementor-column elementor-col-100 elementor-top-column elementor-element elementor-element-8758ded exad-glass-effect-no exad-sticky-section-no\" data-id=\"8758ded\" data-element_type=\"column\">\n\t\t\t<div class=\"elementor-widget-wrap elementor-element-populated\">\n\t\t\t\t\t\t<div class=\"elementor-element elementor-element-867a01b exad-sticky-section-no exad-glass-effect-no elementor-widget elementor-widget-heading\" data-id=\"867a01b\" data-element_type=\"widget\" data-widget_type=\"heading.default\">\n\t\t\t\t<div class=\"elementor-widget-container\">\n\t\t\t<h2 class=\"elementor-heading-title elementor-size-default\">FisioPe\u00f1as\u00a0<\/h2>\t\t<\/div>\n\t\t\t\t<\/div>\n\t\t\t\t<div class=\"elementor-element elementor-element-963f864 elementor-view-default exad-sticky-section-no exad-glass-effect-no elementor-widget elementor-widget-icon\" data-id=\"963f864\" data-element_type=\"widget\" data-widget_type=\"icon.default\">\n\t\t\t\t<div class=\"elementor-widget-container\">\n\t\t\t\t\t<div class=\"elementor-icon-wrapper\">\n\t\t\t<div class=\"elementor-icon\">\n\t\t\t<i aria-hidden=\"true\" class=\"fas fa-hand-holding-medical\"><\/i>\t\t\t<\/div>\n\t\t<\/div>\n\t\t\t\t<\/div>\n\t\t\t\t<\/div>\n\t\t\t\t\t<\/div>\n\t\t<\/div>\n\t\t\t\t\t<\/div>\n\t\t<\/section>\n\t\t\t\t<section class=\"elementor-section elementor-top-section elementor-element elementor-element-da9242e elementor-section-boxed elementor-section-height-default elementor-section-height-default exad-glass-effect-no exad-sticky-section-no\" data-id=\"da9242e\" data-element_type=\"section\">\n\t\t\t\t\t\t<div class=\"elementor-container elementor-column-gap-default\">\n\t\t\t\t\t<div class=\"elementor-column elementor-col-100 elementor-top-column elementor-element elementor-element-6e27aba exad-glass-effect-no exad-sticky-section-no\" data-id=\"6e27aba\" data-element_type=\"column\">\n\t\t\t<div class=\"elementor-widget-wrap elementor-element-populated\">\n\t\t\t\t\t\t<div class=\"elementor-element elementor-element-c70bffb exad-sticky-section-no exad-glass-effect-no elementor-widget elementor-widget-image\" data-id=\"c70bffb\" data-element_type=\"widget\" data-widget_type=\"image.default\">\n\t\t\t\t<div class=\"elementor-widget-container\">\n\t\t\t\t\t\t\t\t\t\t\t\t\t<img fetchpriority=\"high\" decoding=\"async\" width=\"1024\" height=\"683\" src=\"https:\/\/manos-abiertas-belgique.be\/wp\/wp-content\/uploads\/2023\/03\/DSCF1181-min-1024x683.jpg\" class=\"attachment-large size-large wp-image-2390\" alt=\"Volontaire faisant un soin kin\u00e9sith\u00e9rapeutique \u00e0 la main d&#039;un femme bolivienne\" srcset=\"https:\/\/manos-abiertas-belgique.be\/wp\/wp-content\/uploads\/2023\/03\/DSCF1181-min-1024x683.jpg 1024w, https:\/\/manos-abiertas-belgique.be\/wp\/wp-content\/uploads\/2023\/03\/DSCF1181-min-300x200.jpg 300w, https:\/\/manos-abiertas-belgique.be\/wp\/wp-content\/uploads\/2023\/03\/DSCF1181-min-768x512.jpg 768w, https:\/\/manos-abiertas-belgique.be\/wp\/wp-content\/uploads\/2023\/03\/DSCF1181-min-1536x1024.jpg 1536w, https:\/\/manos-abiertas-belgique.be\/wp\/wp-content\/uploads\/2023\/03\/DSCF1181-min-2048x1365.jpg 2048w\" sizes=\"(max-width: 1024px) 100vw, 1024px\" \/>\t\t\t\t\t\t\t\t\t\t\t\t\t<\/div>\n\t\t\t\t<\/div>\n\t\t\t\t\t<\/div>\n\t\t<\/div>\n\t\t\t\t\t<\/div>\n\t\t<\/section>\n\t\t\t\t<section class=\"elementor-section elementor-top-section elementor-element elementor-element-701dae1 elementor-section-full_width elementor-section-height-default elementor-section-height-default exad-glass-effect-no exad-sticky-section-no\" data-id=\"701dae1\" data-element_type=\"section\">\n\t\t\t\t\t\t<div class=\"elementor-container elementor-column-gap-default\">\n\t\t\t\t\t<div class=\"elementor-column elementor-col-100 elementor-top-column elementor-element elementor-element-2fd7f70 exad-glass-effect-no exad-sticky-section-no\" data-id=\"2fd7f70\" data-element_type=\"column\">\n\t\t\t<div class=\"elementor-widget-wrap elementor-element-populated\">\n\t\t\t\t\t\t<div class=\"elementor-element elementor-element-50bec18 exad-sticky-section-no exad-glass-effect-no elementor-widget elementor-widget-text-editor\" data-id=\"50bec18\" data-element_type=\"widget\" data-widget_type=\"text-editor.default\">\n\t\t\t\t<div class=\"elementor-widget-container\">\n\t\t\t\t\t\t\t<p style=\"font-weight: 400; text-align: center;\">Le projet de <strong>kin\u00e9sith\u00e9rapie <em>FisioPe\u00f1as<\/em><\/strong>\u00a0a d\u00e9but\u00e9 en <strong>2014<\/strong> \u00e0 l&rsquo;initiative d&rsquo;un <strong>professeur de l&rsquo;Universit\u00e9 de Milan<\/strong>, Guido Barindelli. Ayant d\u00e9j\u00e0 s\u00e9journ\u00e9 \u00e0 Pe\u00f1as et ayant \u00e9t\u00e9 <strong>t\u00e9moin du manque de soins au village<\/strong>, il a lanc\u00e9 le projet de <strong>cr\u00e9er un r\u00e9seau de kin\u00e9sith\u00e9rapeuthes volontaires qui se relayeraient<\/strong> afin d&rsquo;assurer un <strong>suivi constant au dispensaire m\u00e9dical de Pe\u00f1as.<\/strong><\/p><p style=\"text-align: center;\">De nombreux<strong>\u00a0kin\u00e9sith\u00e9rapeutes<\/strong> partent <strong>quelques mois<\/strong> \u00e0 Pe\u00f1as apr\u00e8s leurs \u00e9tudes, ce qui permet de garantir un suivi de kin\u00e9sith\u00e9rapie <strong>gratuit<\/strong> aux habitants du haut-plateau andin.\u00a0\u00a0<\/p><p style=\"text-align: center;\"><span style=\"font-weight: 400;\">Les kin\u00e9sith\u00e9rapeutes exercent dans le <strong>dispensaire m\u00e9dical<\/strong> de Pe\u00f1as avec l\u2019aide d\u2019une <strong>m\u00e9diatrice culturelle<\/strong> qui s\u2019occupe de la <strong>traduction<\/strong> (la plupart des personnes adultes ou \u00e2g\u00e9es ne parlant que l\u2019Aymara). Ils proposent aussi des s\u00e9ances dans les <strong>Centres Publics de Sant\u00e9<\/strong> de la r\u00e9gion. Ils se\u00a0rendent aussi<strong> \u00e0 domicile\u00a0<\/strong>si le patient\u00a0ne peut pas se d\u00e9placer \u00e0 cause de l\u2019\u00e2ge ou de la gravit\u00e9 de son \u00e9tat.\u00a0<\/span><\/p><p style=\"text-align: center;\"><span style=\"font-weight: 400;\">En plus des s\u00e9ances de kin\u00e9sith\u00e9rapie, deux fois par semaine, le dispensaire m\u00e9dical de Pe\u00f1as accueille un <strong>m\u00e9decin g\u00e9n\u00e9raliste salari\u00e9<\/strong> qui propose des c<strong>onsultations gratuites<\/strong>. Depuis quelques mois, il dispose \u00e9galement d\u2019un <strong>\u00e9chographe.<\/strong><\/span><\/p><p style=\"text-align: center;\"><strong><em>FisioPe\u00f1as<\/em><\/strong>\u00a0permet d&rsquo;<strong>augmenter consid\u00e9rablement la qualit\u00e9 de vie<\/strong> des locaux, en leur offrant une <strong>r\u00e9\u00e9ducation apr\u00e8s un accident<\/strong> ou en accompagnant les <strong>personnes \u00e2g\u00e9es ou \u00e0 mobilit\u00e9 r\u00e9duite.<\/strong><\/p><p style=\"text-align: center;\"><strong>Manos Abiertas Belgique ASBL<\/strong> souhaite mettre en place un <strong>lien de collaboration<\/strong> entre des <strong>universit\u00e9s\/hautes \u00e9coles belges<\/strong>\u00a0et <strong><em>FisioPe\u00f1as<\/em><\/strong> afin de compl\u00e9ter l&rsquo;\u00e9quipe italienne de l&rsquo;Universit\u00e9 de Milan. <strong>Affaire \u00e0 suivre !<\/strong><\/p>\t\t\t\t\t\t<\/div>\n\t\t\t\t<\/div>\n\t\t\t\t<div class=\"elementor-element elementor-element-721d300 exad-sticky-section-no exad-glass-effect-no elementor-widget elementor-widget-heading\" data-id=\"721d300\" data-element_type=\"widget\" data-widget_type=\"heading.default\">\n\t\t\t\t<div class=\"elementor-widget-container\">\n\t\t\t<h2 class=\"elementor-heading-title elementor-size-default\">Comment participer au projet FisioPe\u00f1as ?<\/h2>\t\t<\/div>\n\t\t\t\t<\/div>\n\t\t\t\t<div class=\"elementor-element elementor-element-e988cfb exad-sticky-section-no exad-glass-effect-no elementor-widget elementor-widget-text-editor\" data-id=\"e988cfb\" data-element_type=\"widget\" data-widget_type=\"text-editor.default\">\n\t\t\t\t<div class=\"elementor-widget-container\">\n\t\t\t\t\t\t\t<p style=\"text-align: center;\">Si vous \u00eates <strong>kin\u00e9sith\u00e9rapeute dipl\u00f4m\u00e9<\/strong> et que vous avez envie d&rsquo;aller <strong>passer quelques mois \u00e0 Pe\u00f1as<\/strong> pour faire une <strong><a href=\"https:\/\/manos-abiertas-belgique.be\/wp\/volontariat-et-tourisme-solidaire\/\"><span style=\"text-decoration: underline;\">exp\u00e9rience de volontariat, <\/span><\/a>l&rsquo;\u00e9quipe italienne <em>FisioPe\u00f1as<\/em><\/strong> se fera un <strong>honneur de vous accueillir parmi leurs b\u00e9n\u00e9voles<\/strong>! <strong>Manos Abiertas Belgique ASBL<\/strong> <span style=\"text-decoration: underline;\"><a href=\"https:\/\/manos-abiertas-belgique.be\/wp\/contacts\/\"><strong>vous\u00a0mettra en\u00a0contact avec l&rsquo;\u00e9quipe italienne<\/strong>. <\/a><\/span><\/p><p style=\"text-align: center;\">Avant de partir, vous <strong>suivrez une courte formation<\/strong> et <strong>sur place<\/strong>, vous serez <strong>encadr\u00e9s par les responsables<\/strong> de <strong><em>FisioPe\u00f1as<\/em>,<\/strong> des kin\u00e9sith\u00e9rapeutes habitu\u00e9s au lieu.<\/p>\t\t\t\t\t\t<\/div>\n\t\t\t\t<\/div>\n\t\t\t\t<div class=\"elementor-element elementor-element-f10e4da elementor-align-center exad-sticky-section-no exad-glass-effect-no elementor-widget elementor-widget-button\" data-id=\"f10e4da\" data-element_type=\"widget\" data-widget_type=\"button.default\">\n\t\t\t\t<div class=\"elementor-widget-container\">\n\t\t\t\t\t\t\t<div class=\"elementor-button-wrapper\">\n\t\t\t\t\t<a class=\"elementor-button elementor-button-link elementor-size-md elementor-animation-pulse-grow\" href=\"https:\/\/sinergiaesviluppo.it\/il-progetto-fisiopenas\/\" target=\"_blank\">\n\t\t\t\t\t\t<span class=\"elementor-button-content-wrapper\">\n\t\t\t\t\t\t<span class=\"elementor-button-icon\">\n\t\t\t\t<i aria-hidden=\"true\" class=\"feather icon-arrow-right\"><\/i>\t\t\t<\/span>\n\t\t\t\t\t\t\t\t\t<span class=\"elementor-button-text\">Site web du projet FisioPe\u00f1as<\/span>\n\t\t\t\t\t<\/span>\n\t\t\t\t\t<\/a>\n\t\t\t\t<\/div>\n\t\t\t\t\t\t<\/div>\n\t\t\t\t<\/div>\n\t\t\t\t<div class=\"elementor-element elementor-element-7434f7f exad-sticky-section-no exad-glass-effect-no elementor-widget elementor-widget-image\" data-id=\"7434f7f\" data-element_type=\"widget\" data-widget_type=\"image.default\">\n\t\t\t\t<div class=\"elementor-widget-container\">\n\t\t\t\t\t\t\t\t\t\t\t\t\t<img decoding=\"async\" width=\"1024\" height=\"683\" src=\"https:\/\/manos-abiertas-belgique.be\/wp\/wp-content\/uploads\/2023\/03\/DSCF1260-min-1024x683.jpg\" class=\"attachment-large size-large wp-image-2391\" alt=\"Soin kin\u00e9sith\u00e9rapeutique \u00e0 une femme bolivienne\" srcset=\"https:\/\/manos-abiertas-belgique.be\/wp\/wp-content\/uploads\/2023\/03\/DSCF1260-min-1024x683.jpg 1024w, https:\/\/manos-abiertas-belgique.be\/wp\/wp-content\/uploads\/2023\/03\/DSCF1260-min-300x200.jpg 300w, https:\/\/manos-abiertas-belgique.be\/wp\/wp-content\/uploads\/2023\/03\/DSCF1260-min-768x512.jpg 768w, https:\/\/manos-abiertas-belgique.be\/wp\/wp-content\/uploads\/2023\/03\/DSCF1260-min-1536x1024.jpg 1536w, https:\/\/manos-abiertas-belgique.be\/wp\/wp-content\/uploads\/2023\/03\/DSCF1260-min-2048x1365.jpg 2048w\" sizes=\"(max-width: 1024px) 100vw, 1024px\" \/>\t\t\t\t\t\t\t\t\t\t\t\t\t<\/div>\n\t\t\t\t<\/div>\n\t\t\t\t\t<\/div>\n\t\t<\/div>\n\t\t\t\t\t<\/div>\n\t\t<\/section>\n\t\t\t\t<\/div>\n\t\t","protected":false},"excerpt":{"rendered":"<p>FisioPe\u00f1as\u00a0 Le projet de kin\u00e9sith\u00e9rapie FisioPe\u00f1as\u00a0a d\u00e9but\u00e9 en 2014 \u00e0 l&rsquo;initiative d&rsquo;un professeur de l&rsquo;Universit\u00e9 de Milan, Guido Barindelli. Ayant d\u00e9j\u00e0 s\u00e9journ\u00e9 \u00e0 Pe\u00f1as et ayant \u00e9t\u00e9 t\u00e9moin du manque de soins au village, il a lanc\u00e9 le projet de cr\u00e9er un r\u00e9seau de kin\u00e9sith\u00e9rapeuthes volontaires qui se relayeraient afin d&rsquo;assurer un suivi constant au [&hellip;]<\/p>\n","protected":false},"author":1,"featured_media":0,"parent":0,"menu_order":0,"comment_status":"closed","ping_status":"closed","template":"elementor_header_footer","meta":{"footnotes":""},"class_list":["post-102","page","type-page","status-publish","hentry","entry"],"yoast_head":"<!-- This site is optimized with the Yoast SEO plugin v23.8 - https:\/\/yoast.com\/wordpress\/plugins\/seo\/ -->\n<title>FisioPe\u00f1as\u00a0 - Manos Abiertas Belgique ASBL<\/title>\n<meta name=\"description\" content=\"FisioPe\u00f1as est un projet de kin\u00e9sith\u00e9rapeutes qui se relayent pour dispenser des soins \u00e0 Pe\u00f1as, am\u00e9liorant ainsi la qualit\u00e9 de vie des locaux.\" \/>\n<meta name=\"robots\" content=\"index, follow, max-snippet:-1, max-image-preview:large, max-video-preview:-1\" \/>\n<link rel=\"canonical\" href=\"https:\/\/manos-abiertas-belgique.be\/wp\/fisiopenas\/\" \/>\n<meta property=\"og:locale\" content=\"fr_FR\" \/>\n<meta property=\"og:type\" content=\"article\" \/>\n<meta property=\"og:title\" content=\"FisioPe\u00f1as\u00a0 - Manos Abiertas Belgique ASBL\" \/>\n<meta property=\"og:description\" content=\"FisioPe\u00f1as est un projet de kin\u00e9sith\u00e9rapeutes qui se relayent pour dispenser des soins \u00e0 Pe\u00f1as, am\u00e9liorant ainsi la qualit\u00e9 de vie des locaux.\" \/>\n<meta property=\"og:url\" content=\"https:\/\/manos-abiertas-belgique.be\/wp\/fisiopenas\/\" \/>\n<meta property=\"og:site_name\" content=\"Manos Abiertas Belgique ASBL\" \/>\n<meta property=\"article:publisher\" content=\"https:\/\/www.facebook.com\/ManosAbiertasBE\" \/>\n<meta property=\"article:modified_time\" content=\"2023-03-27T18:01:44+00:00\" \/>\n<meta property=\"og:image\" content=\"https:\/\/manos-abiertas-belgique.be\/wp\/wp-content\/uploads\/2023\/03\/DSCF1181-min-1024x683.jpg\" \/>\n<meta name=\"twitter:label1\" content=\"Dur\u00e9e de lecture estim\u00e9e\" \/>\n\t<meta name=\"twitter:data1\" content=\"3 minutes\" \/>\n<script type=\"application\/ld+json\" class=\"yoast-schema-graph\">{\"@context\":\"https:\/\/schema.org\",\"@graph\":[{\"@type\":\"WebPage\",\"@id\":\"https:\/\/manos-abiertas-belgique.be\/wp\/fisiopenas\/\",\"url\":\"https:\/\/manos-abiertas-belgique.be\/wp\/fisiopenas\/\",\"name\":\"FisioPe\u00f1as\u00a0 - Manos Abiertas Belgique ASBL\",\"isPartOf\":{\"@id\":\"https:\/\/manos-abiertas-belgique.be\/wp\/#website\"},\"primaryImageOfPage\":{\"@id\":\"https:\/\/manos-abiertas-belgique.be\/wp\/fisiopenas\/#primaryimage\"},\"image\":{\"@id\":\"https:\/\/manos-abiertas-belgique.be\/wp\/fisiopenas\/#primaryimage\"},\"thumbnailUrl\":\"https:\/\/manos-abiertas-belgique.be\/wp\/wp-content\/uploads\/2023\/03\/DSCF1181-min-1024x683.jpg\",\"datePublished\":\"2023-02-18T22:48:24+00:00\",\"dateModified\":\"2023-03-27T18:01:44+00:00\",\"description\":\"FisioPe\u00f1as est un projet de kin\u00e9sith\u00e9rapeutes qui se relayent pour dispenser des soins \u00e0 Pe\u00f1as, am\u00e9liorant ainsi la qualit\u00e9 de vie des locaux.\",\"breadcrumb\":{\"@id\":\"https:\/\/manos-abiertas-belgique.be\/wp\/fisiopenas\/#breadcrumb\"},\"inLanguage\":\"fr-FR\",\"potentialAction\":[{\"@type\":\"ReadAction\",\"target\":[\"https:\/\/manos-abiertas-belgique.be\/wp\/fisiopenas\/\"]}]},{\"@type\":\"ImageObject\",\"inLanguage\":\"fr-FR\",\"@id\":\"https:\/\/manos-abiertas-belgique.be\/wp\/fisiopenas\/#primaryimage\",\"url\":\"https:\/\/manos-abiertas-belgique.be\/wp\/wp-content\/uploads\/2023\/03\/DSCF1181-min-scaled.jpg\",\"contentUrl\":\"https:\/\/manos-abiertas-belgique.be\/wp\/wp-content\/uploads\/2023\/03\/DSCF1181-min-scaled.jpg\",\"width\":2560,\"height\":1707,\"caption\":\"Volontaire faisant un soin kin\u00e9sith\u00e9rapeutique \u00e0 la main d'un femme bolivienne\"},{\"@type\":\"BreadcrumbList\",\"@id\":\"https:\/\/manos-abiertas-belgique.be\/wp\/fisiopenas\/#breadcrumb\",\"itemListElement\":[{\"@type\":\"ListItem\",\"position\":1,\"name\":\"Accueil\",\"item\":\"https:\/\/manos-abiertas-belgique.be\/wp\/\"},{\"@type\":\"ListItem\",\"position\":2,\"name\":\"FisioPe\u00f1as\u00a0\"}]},{\"@type\":\"WebSite\",\"@id\":\"https:\/\/manos-abiertas-belgique.be\/wp\/#website\",\"url\":\"https:\/\/manos-abiertas-belgique.be\/wp\/\",\"name\":\"Manos Abiertas Belgique ASBL\",\"description\":\"\",\"publisher\":{\"@id\":\"https:\/\/manos-abiertas-belgique.be\/wp\/#organization\"},\"potentialAction\":[{\"@type\":\"SearchAction\",\"target\":{\"@type\":\"EntryPoint\",\"urlTemplate\":\"https:\/\/manos-abiertas-belgique.be\/wp\/?s={search_term_string}\"},\"query-input\":{\"@type\":\"PropertyValueSpecification\",\"valueRequired\":true,\"valueName\":\"search_term_string\"}}],\"inLanguage\":\"fr-FR\"},{\"@type\":\"Organization\",\"@id\":\"https:\/\/manos-abiertas-belgique.be\/wp\/#organization\",\"name\":\"Manos Abiertas Belgique ASBL\",\"url\":\"https:\/\/manos-abiertas-belgique.be\/wp\/\",\"logo\":{\"@type\":\"ImageObject\",\"inLanguage\":\"fr-FR\",\"@id\":\"https:\/\/manos-abiertas-belgique.be\/wp\/#\/schema\/logo\/image\/\",\"url\":\"https:\/\/manos-abiertas-belgique.be\/wp\/wp-content\/uploads\/2023\/02\/Logo-4-final-sans-fond-et-sans-nom-manuscrit.png\",\"contentUrl\":\"https:\/\/manos-abiertas-belgique.be\/wp\/wp-content\/uploads\/2023\/02\/Logo-4-final-sans-fond-et-sans-nom-manuscrit.png\",\"width\":1402,\"height\":1650,\"caption\":\"Manos Abiertas Belgique ASBL\"},\"image\":{\"@id\":\"https:\/\/manos-abiertas-belgique.be\/wp\/#\/schema\/logo\/image\/\"},\"sameAs\":[\"https:\/\/www.facebook.com\/ManosAbiertasBE\"]}]}<\/script>\n<!-- \/ Yoast SEO plugin. -->","yoast_head_json":{"title":"FisioPe\u00f1as\u00a0 - Manos Abiertas Belgique ASBL","description":"FisioPe\u00f1as est un projet de kin\u00e9sith\u00e9rapeutes qui se relayent pour dispenser des soins \u00e0 Pe\u00f1as, am\u00e9liorant ainsi la qualit\u00e9 de vie des locaux.","robots":{"index":"index","follow":"follow","max-snippet":"max-snippet:-1","max-image-preview":"max-image-preview:large","max-video-preview":"max-video-preview:-1"},"canonical":"https:\/\/manos-abiertas-belgique.be\/wp\/fisiopenas\/","og_locale":"fr_FR","og_type":"article","og_title":"FisioPe\u00f1as\u00a0 - Manos Abiertas Belgique ASBL","og_description":"FisioPe\u00f1as est un projet de kin\u00e9sith\u00e9rapeutes qui se relayent pour dispenser des soins \u00e0 Pe\u00f1as, am\u00e9liorant ainsi la qualit\u00e9 de vie des locaux.","og_url":"https:\/\/manos-abiertas-belgique.be\/wp\/fisiopenas\/","og_site_name":"Manos Abiertas Belgique ASBL","article_publisher":"https:\/\/www.facebook.com\/ManosAbiertasBE","article_modified_time":"2023-03-27T18:01:44+00:00","og_image":[{"url":"https:\/\/manos-abiertas-belgique.be\/wp\/wp-content\/uploads\/2023\/03\/DSCF1181-min-1024x683.jpg"}],"twitter_misc":{"Dur\u00e9e de lecture estim\u00e9e":"3 minutes"},"schema":{"@context":"https:\/\/schema.org","@graph":[{"@type":"WebPage","@id":"https:\/\/manos-abiertas-belgique.be\/wp\/fisiopenas\/","url":"https:\/\/manos-abiertas-belgique.be\/wp\/fisiopenas\/","name":"FisioPe\u00f1as\u00a0 - Manos Abiertas Belgique ASBL","isPartOf":{"@id":"https:\/\/manos-abiertas-belgique.be\/wp\/#website"},"primaryImageOfPage":{"@id":"https:\/\/manos-abiertas-belgique.be\/wp\/fisiopenas\/#primaryimage"},"image":{"@id":"https:\/\/manos-abiertas-belgique.be\/wp\/fisiopenas\/#primaryimage"},"thumbnailUrl":"https:\/\/manos-abiertas-belgique.be\/wp\/wp-content\/uploads\/2023\/03\/DSCF1181-min-1024x683.jpg","datePublished":"2023-02-18T22:48:24+00:00","dateModified":"2023-03-27T18:01:44+00:00","description":"FisioPe\u00f1as est un projet de kin\u00e9sith\u00e9rapeutes qui se relayent pour dispenser des soins \u00e0 Pe\u00f1as, am\u00e9liorant ainsi la qualit\u00e9 de vie des locaux.","breadcrumb":{"@id":"https:\/\/manos-abiertas-belgique.be\/wp\/fisiopenas\/#breadcrumb"},"inLanguage":"fr-FR","potentialAction":[{"@type":"ReadAction","target":["https:\/\/manos-abiertas-belgique.be\/wp\/fisiopenas\/"]}]},{"@type":"ImageObject","inLanguage":"fr-FR","@id":"https:\/\/manos-abiertas-belgique.be\/wp\/fisiopenas\/#primaryimage","url":"https:\/\/manos-abiertas-belgique.be\/wp\/wp-content\/uploads\/2023\/03\/DSCF1181-min-scaled.jpg","contentUrl":"https:\/\/manos-abiertas-belgique.be\/wp\/wp-content\/uploads\/2023\/03\/DSCF1181-min-scaled.jpg","width":2560,"height":1707,"caption":"Volontaire faisant un soin kin\u00e9sith\u00e9rapeutique \u00e0 la main d'un femme bolivienne"},{"@type":"BreadcrumbList","@id":"https:\/\/manos-abiertas-belgique.be\/wp\/fisiopenas\/#breadcrumb","itemListElement":[{"@type":"ListItem","position":1,"name":"Accueil","item":"https:\/\/manos-abiertas-belgique.be\/wp\/"},{"@type":"ListItem","position":2,"name":"FisioPe\u00f1as\u00a0"}]},{"@type":"WebSite","@id":"https:\/\/manos-abiertas-belgique.be\/wp\/#website","url":"https:\/\/manos-abiertas-belgique.be\/wp\/","name":"Manos Abiertas Belgique ASBL","description":"","publisher":{"@id":"https:\/\/manos-abiertas-belgique.be\/wp\/#organization"},"potentialAction":[{"@type":"SearchAction","target":{"@type":"EntryPoint","urlTemplate":"https:\/\/manos-abiertas-belgique.be\/wp\/?s={search_term_string}"},"query-input":{"@type":"PropertyValueSpecification","valueRequired":true,"valueName":"search_term_string"}}],"inLanguage":"fr-FR"},{"@type":"Organization","@id":"https:\/\/manos-abiertas-belgique.be\/wp\/#organization","name":"Manos Abiertas Belgique ASBL","url":"https:\/\/manos-abiertas-belgique.be\/wp\/","logo":{"@type":"ImageObject","inLanguage":"fr-FR","@id":"https:\/\/manos-abiertas-belgique.be\/wp\/#\/schema\/logo\/image\/","url":"https:\/\/manos-abiertas-belgique.be\/wp\/wp-content\/uploads\/2023\/02\/Logo-4-final-sans-fond-et-sans-nom-manuscrit.png","contentUrl":"https:\/\/manos-abiertas-belgique.be\/wp\/wp-content\/uploads\/2023\/02\/Logo-4-final-sans-fond-et-sans-nom-manuscrit.png","width":1402,"height":1650,"caption":"Manos Abiertas Belgique ASBL"},"image":{"@id":"https:\/\/manos-abiertas-belgique.be\/wp\/#\/schema\/logo\/image\/"},"sameAs":["https:\/\/www.facebook.com\/ManosAbiertasBE"]}]}},"_links":{"self":[{"href":"https:\/\/manos-abiertas-belgique.be\/wp\/wp-json\/wp\/v2\/pages\/102"}],"collection":[{"href":"https:\/\/manos-abiertas-belgique.be\/wp\/wp-json\/wp\/v2\/pages"}],"about":[{"href":"https:\/\/manos-abiertas-belgique.be\/wp\/wp-json\/wp\/v2\/types\/page"}],"author":[{"embeddable":true,"href":"https:\/\/manos-abiertas-belgique.be\/wp\/wp-json\/wp\/v2\/users\/1"}],"replies":[{"embeddable":true,"href":"https:\/\/manos-abiertas-belgique.be\/wp\/wp-json\/wp\/v2\/comments?post=102"}],"version-history":[{"count":100,"href":"https:\/\/manos-abiertas-belgique.be\/wp\/wp-json\/wp\/v2\/pages\/102\/revisions"}],"predecessor-version":[{"id":2983,"href":"https:\/\/manos-abiertas-belgique.be\/wp\/wp-json\/wp\/v2\/pages\/102\/revisions\/2983"}],"wp:attachment":[{"href":"https:\/\/manos-abiertas-belgique.be\/wp\/wp-json\/wp\/v2\/media?parent=102"}],"curies":[{"name":"wp","href":"https:\/\/api.w.org\/{rel}","templated":true}]}}